{"id":1422,"date":"2019-01-31T13:17:05","date_gmt":"2019-01-31T12:17:05","guid":{"rendered":"http:\/\/assklep.usermd.net\/produkt\/bezrekawnik-welniany-ina-en\/"},"modified":"2019-11-22T17:39:52","modified_gmt":"2019-11-22T16:39:52","slug":"bezrekawnik-welniany-ina-en","status":"publish","type":"product","link":"https:\/\/aleksandrasuska.052b.work\/en\/produkt\/bezrekawnik-welniany-ina-en\/","title":{"rendered":"Bezr\u0119kawnik we\u0142niany &#8211; INA[EN]"},"content":{"rendered":"<p><span>Elegancka, lu\u017ana we\u0142niana bluzka z kr\u00f3tkimi r\u0119kawkami typu nietoperz oraz\u00a0z a\u017curowym wzorem. Idealna\u00a0na co dzie\u0144, jak r\u00f3wnie\u017c na wieczorne wyj\u015bcie.\u00a0Wykonana r\u0119cznie na drutach\u00a0z najwy\u017cszej jako\u015bci cienkiej i bardzo delikatnej\u00a0we\u0142ny\u00a0merynosa.\u00a0<\/span><\/p>\n<p><span>Modelka na zdj\u0119ciu ma 175 cm wzrostu i nosi sweter w rozmiarze M.<\/span><\/p>\n<p class=\"text-justify\"><span>Je\u017celi nie znajdziesz bluzki w wyrobach gotowych lub\u00a0potrzebujesz inny rozmiar lub kolor\u00a0 napisz do mnie na adres:\u00a0 zam\u00f3wienia@aleksandrasuska.pl\u00a0<\/span><\/p>\n<p><span>Jej wykonanie zajmie do 10 dni roboczych.<\/span><\/p>\n","protected":false},"excerpt":{"rendered":"<p>Elegancka, lu\u017ana we\u0142niana bluzka z kr\u00f3tkimi r\u0119kawkami typu nietoperz oraz\u00a0z a\u017curowym wzorem. Idealna\u00a0na co dzie\u0144, jak r\u00f3wnie\u017c na wieczorne wyj\u015bcie.\u00a0Wykonana&#8230;<\/p>\n","protected":false},"featured_media":1738,"comment_status":"open","ping_status":"closed","template":"","meta":{"_acf_changed":false},"product_cat":[111],"product_tag":[],"class_list":{"0":"post-1422","1":"product","2":"type-product","3":"status-publish","4":"has-post-thumbnail","6":"product_cat-blouses","8":"first","9":"instock","10":"shipping-taxable","11":"purchasable","12":"product-type-variable","13":"has-default-attributes"},"acf":[],"aioseo_notices":[],"_links":{"self":[{"href":"https:\/\/aleksandrasuska.052b.work\/en\/wp-json\/wp\/v2\/product\/1422","targetHints":{"allow":["GET"]}}],"collection":[{"href":"https:\/\/aleksandrasuska.052b.work\/en\/wp-json\/wp\/v2\/product"}],"about":[{"href":"https:\/\/aleksandrasuska.052b.work\/en\/wp-json\/wp\/v2\/types\/product"}],"replies":[{"embeddable":true,"href":"https:\/\/aleksandrasuska.052b.work\/en\/wp-json\/wp\/v2\/comments?post=1422"}],"wp:featuredmedia":[{"embeddable":true,"href":"https:\/\/aleksandrasuska.052b.work\/en\/wp-json\/wp\/v2\/media\/1738"}],"wp:attachment":[{"href":"https:\/\/aleksandrasuska.052b.work\/en\/wp-json\/wp\/v2\/media?parent=1422"}],"wp:term":[{"taxonomy":"product_cat","embeddable":true,"href":"https:\/\/aleksandrasuska.052b.work\/en\/wp-json\/wp\/v2\/product_cat?post=1422"},{"taxonomy":"product_tag","embeddable":true,"href":"https:\/\/aleksandrasuska.052b.work\/en\/wp-json\/wp\/v2\/product_tag?post=1422"}],"curies":[{"name":"wp","href":"https:\/\/api.w.org\/{rel}","templated":true}]}}