{"id":1328,"date":"2019-01-31T14:14:50","date_gmt":"2019-01-31T13:14:50","guid":{"rendered":"http:\/\/assklep.usermd.net\/produkt\/czapka-i-szal-lilen\/"},"modified":"2019-09-24T13:01:16","modified_gmt":"2019-09-24T11:01:16","slug":"czapka-i-szal-lilen","status":"publish","type":"product","link":"https:\/\/aleksandrasuska.052b.work\/en\/produkt\/czapka-i-szal-lilen\/","title":{"rendered":"Czapka i szal &#8211; LIL[EN]"},"content":{"rendered":"<p><span>R\u0119cznie robiony na drutach komplet LIL: czapka oraz szal, wykonane z mieszanki we\u0142ny merynos\u00f3w, jedwabiu\u00a0i moheru. Niezwykle mi\u0119kkie i przyjemne w dotyku. Subtelny wz\u00f3r i ozdobne wyko\u0144czenie czapki oraz szala nadaje zestawowi bardziej formalny charakter.\u00a0<\/span><\/p>\n<p class=\"text-justify\"><span>Wykonany r\u0119cznie na drutach (handmade).<\/span><\/p>\n<p class=\"text-justify\"><strong>CZAPKA:<\/strong><\/p>\n<p class=\"text-justify\"><span>D\u0141UGO\u015a\u0106 CA\u0141KOWITA: 19 cm<\/span><\/p>\n<p class=\"text-justify\"><span>SZEROKO\u015a\u0106: 26 cm<\/span><\/p>\n<p class=\"text-justify\"><strong>SZAL:<\/strong><\/p>\n<p class=\"text-justify\"><span>D\u0141UGO\u015a\u0106 CA\u0141KOWITA: 200 cm<\/span><\/p>\n<p class=\"text-justify\"><span>SZEROKO\u015a\u0106: 25 cm<\/span><\/p>\n","protected":false},"excerpt":{"rendered":"<p>R\u0119cznie robiony na drutach komplet LIL: czapka oraz szal, wykonane z mieszanki we\u0142ny merynos\u00f3w, jedwabiu\u00a0i moheru. Niezwykle mi\u0119kkie i przyjemne&#8230;<\/p>\n","protected":false},"featured_media":1202,"comment_status":"open","ping_status":"closed","template":"","meta":{"_acf_changed":false},"product_cat":[97,103],"product_tag":[],"class_list":{"0":"post-1328","1":"product","2":"type-product","3":"status-publish","4":"has-post-thumbnail","6":"product_cat-accessories-to-order","7":"product_cat-sets","9":"first","10":"instock","11":"shipping-taxable","12":"product-type-variable"},"acf":[],"aioseo_notices":[],"_links":{"self":[{"href":"https:\/\/aleksandrasuska.052b.work\/en\/wp-json\/wp\/v2\/product\/1328","targetHints":{"allow":["GET"]}}],"collection":[{"href":"https:\/\/aleksandrasuska.052b.work\/en\/wp-json\/wp\/v2\/product"}],"about":[{"href":"https:\/\/aleksandrasuska.052b.work\/en\/wp-json\/wp\/v2\/types\/product"}],"replies":[{"embeddable":true,"href":"https:\/\/aleksandrasuska.052b.work\/en\/wp-json\/wp\/v2\/comments?post=1328"}],"wp:featuredmedia":[{"embeddable":true,"href":"https:\/\/aleksandrasuska.052b.work\/en\/wp-json\/wp\/v2\/media\/1202"}],"wp:attachment":[{"href":"https:\/\/aleksandrasuska.052b.work\/en\/wp-json\/wp\/v2\/media?parent=1328"}],"wp:term":[{"taxonomy":"product_cat","embeddable":true,"href":"https:\/\/aleksandrasuska.052b.work\/en\/wp-json\/wp\/v2\/product_cat?post=1328"},{"taxonomy":"product_tag","embeddable":true,"href":"https:\/\/aleksandrasuska.052b.work\/en\/wp-json\/wp\/v2\/product_tag?post=1328"}],"curies":[{"name":"wp","href":"https:\/\/api.w.org\/{rel}","templated":true}]}}