{"id":1236,"date":"2019-01-09T13:21:51","date_gmt":"2019-01-09T12:21:51","guid":{"rendered":"http:\/\/dev.as.klienci.052b.com\/web\/produkt\/ensweter-welniany-maggie\/"},"modified":"2019-11-22T18:01:54","modified_gmt":"2019-11-22T17:01:54","slug":"sweter-welniany-maggie-en","status":"publish","type":"product","link":"https:\/\/aleksandrasuska.052b.work\/en\/produkt\/sweter-welniany-maggie-en\/","title":{"rendered":"[EN]Sweter we\u0142niany &#8211; MAGGIE"},"content":{"rendered":"<p class=\"text-justify\"><span>[EN]Elegancki sweter reglanowy o delikatnym wzorze\u00a0i du\u017cym, lu\u017anym wywijanym golfie, kt\u00f3ry mo\u017cna nosi\u0107 na dwa sposoby. Wykonany r\u0119cznie na drutach\u00a0z najwy\u017cszej jako\u015bci, niezwykle przyjemnej dla sk\u00f3ry mieszanki alpaki\u00a0i we\u0142ny merynosa.\u00a0<\/span><\/p>\n<p><span>Modelka na zdj\u0119ciu ma 175 cm wzrostu i nosi sweter w rozmiarze S.<\/span><\/p>\n","protected":false},"excerpt":{"rendered":"<p>[EN]Elegancki sweter reglanowy o delikatnym wzorze\u00a0i du\u017cym, lu\u017anym wywijanym golfie, kt\u00f3ry mo\u017cna nosi\u0107 na dwa sposoby. Wykonany r\u0119cznie na drutach\u00a0z&#8230;<\/p>\n","protected":false},"featured_media":1446,"comment_status":"open","ping_status":"closed","template":"","meta":{"_acf_changed":false},"product_cat":[113],"product_tag":[],"class_list":{"0":"post-1236","1":"product","2":"type-product","3":"status-publish","4":"has-post-thumbnail","6":"product_cat-sweaters","8":"first","9":"instock","10":"shipping-taxable","11":"purchasable","12":"product-type-variable","13":"has-default-attributes"},"acf":[],"aioseo_notices":[],"_links":{"self":[{"href":"https:\/\/aleksandrasuska.052b.work\/en\/wp-json\/wp\/v2\/product\/1236","targetHints":{"allow":["GET"]}}],"collection":[{"href":"https:\/\/aleksandrasuska.052b.work\/en\/wp-json\/wp\/v2\/product"}],"about":[{"href":"https:\/\/aleksandrasuska.052b.work\/en\/wp-json\/wp\/v2\/types\/product"}],"replies":[{"embeddable":true,"href":"https:\/\/aleksandrasuska.052b.work\/en\/wp-json\/wp\/v2\/comments?post=1236"}],"wp:featuredmedia":[{"embeddable":true,"href":"https:\/\/aleksandrasuska.052b.work\/en\/wp-json\/wp\/v2\/media\/1446"}],"wp:attachment":[{"href":"https:\/\/aleksandrasuska.052b.work\/en\/wp-json\/wp\/v2\/media?parent=1236"}],"wp:term":[{"taxonomy":"product_cat","embeddable":true,"href":"https:\/\/aleksandrasuska.052b.work\/en\/wp-json\/wp\/v2\/product_cat?post=1236"},{"taxonomy":"product_tag","embeddable":true,"href":"https:\/\/aleksandrasuska.052b.work\/en\/wp-json\/wp\/v2\/product_tag?post=1236"}],"curies":[{"name":"wp","href":"https:\/\/api.w.org\/{rel}","templated":true}]}}