{"id":1232,"date":"2019-01-31T08:57:56","date_gmt":"2019-01-31T07:57:56","guid":{"rendered":"http:\/\/dev.as.klienci.052b.com\/web\/zamowienia-indywidualne\/"},"modified":"2019-02-04T13:24:57","modified_gmt":"2019-02-04T12:24:57","slug":"individual-orders","status":"publish","type":"page","link":"https:\/\/aleksandrasuska.052b.work\/en\/individual-orders\/","title":{"rendered":"Individual orders"},"content":{"rendered":"<p><b>[EN]Og\u00f3lne<\/b><\/p>\n<p><span style=\"font-weight: 400;\">Wszystkie, oferowane w sklepie <\/span><b>\u201eAS\u201d Aleksandra Suska,<\/b><span style=\"font-weight: 400;\"> ubrania i akcesoria s\u0105 wykonywane r\u0119cznie, dlatego te\u017c ka\u017cdy z produkt\u00f3w jest niepowtarzalny. Z uwagi na wykorzystywane w procesie tworzenia naturalne w\u0142\u00f3kna takie, jak m. in. antyalergiczna we\u0142na merynosa, alpaka, jedwab, czy kaszmir, poszczeg\u00f3lne egzemplarze produkt\u00f3w mog\u0105 si\u0119 od siebie minimalnie r\u00f3\u017cni\u0107, m.in. struktur\u0105 splot\u00f3w.<\/span><\/p>\n<p><span style=\"font-weight: 400;\">W trakcie u\u017cytkowania i konserwacji produkt mo\u017ce ulec nieznacznemu rozci\u0105gni\u0119ciu, wynikaj\u0105cemu z naturalnej elastyczno\u015bci we\u0142ny.<\/span><\/p>\n<p><span style=\"font-weight: 400;\">Nale\u017cy pami\u0119ta\u0107, \u017ce kolory przedmiot\u00f3w na zdj\u0119ciach mog\u0105 nieznacznie r\u00f3\u017cni\u0107 si\u0119 od rzeczywistych, w zale\u017cno\u015bci od ustawie\u0144 monitora.<\/span><\/p>\n<p><b>Sk\u0142adanie zam\u00f3wie\u0144<\/b><\/p>\n<p><span style=\"font-weight: 400;\">Sk\u0142adanie indywidualnych zam\u00f3wie\u0144 odbywa si\u0119 poprzez przes\u0142anie zam\u00f3wienia na adres <\/span><span style=\"font-weight: 400;\">zam\u00f3wienia@aleksandrasuska.pl<\/span><span style=\"font-weight: 400;\">. W mailu nale\u017cy poda\u0107 nast\u0119puj\u0105ce dane:<\/span><\/p>\n<ul>\n<li style=\"font-weight: 400;\"><span style=\"font-weight: 400;\">imi\u0119 i nazwisko,<\/span><\/li>\n<li style=\"font-weight: 400;\"><span style=\"font-weight: 400;\">dok\u0142adny adres do wysy\u0142ki,<\/span><\/li>\n<li style=\"font-weight: 400;\"><span style=\"font-weight: 400;\">numer telefonu,<\/span><\/li>\n<li style=\"font-weight: 400;\"><span style=\"font-weight: 400;\">nazw\u0119 produktu,<\/span><\/li>\n<li style=\"font-weight: 400;\"><span style=\"font-weight: 400;\">ilo\u015b\u0107 sztuk produktu,<\/span><\/li>\n<li style=\"font-weight: 400;\"><span style=\"font-weight: 400;\">wybrany kolor.<\/span><\/li>\n<\/ul>\n<p><span style=\"font-weight: 400;\">W mailu zwrotnym zostan\u0105 Pa\u0144stwo poinformowani o przybli\u017conym czasie oczekiwania na produkt, kwocie do zap\u0142aty za zam\u00f3wiony towar oraz podane zostan\u0105 dane do przelewu.<\/span><\/p>\n<p><b>Czas realizacji zam\u00f3wie\u0144<\/b><\/p>\n<p><span style=\"font-weight: 400;\">Ze wzgl\u0119du na metod\u0119 tworzenia ubra\u0144 i akcesori\u00f3w, przybli\u017cony czas realizacji indywidualnego zam\u00f3wienia wynosi od 3 do maksymalnie 21 dni roboczych od momentu zaksi\u0119gowania nale\u017cnej kwoty za produkt. Ka\u017cdorazowo dok\u0142adane s\u0105 wszelkie starania, aby ten okres skr\u00f3ci\u0107 do minimum.<\/span><\/p>\n<p>&nbsp;<\/p>\n","protected":false},"excerpt":{"rendered":"<p>[EN]Og\u00f3lne Wszystkie, oferowane w sklepie \u201eAS\u201d Aleksandra Suska, ubrania i akcesoria s\u0105 wykonywane r\u0119cznie, dlatego te\u017c ka\u017cdy z produkt\u00f3w jest&#8230;<\/p>\n","protected":false},"author":2,"featured_media":0,"parent":0,"menu_order":0,"comment_status":"closed","ping_status":"closed","template":"page-templates\/content_condensed.php","meta":{"_acf_changed":false,"footnotes":""},"class_list":["post-1232","page","type-page","status-publish","hentry"],"acf":[],"aioseo_notices":[],"_links":{"self":[{"href":"https:\/\/aleksandrasuska.052b.work\/en\/wp-json\/wp\/v2\/pages\/1232","targetHints":{"allow":["GET"]}}],"collection":[{"href":"https:\/\/aleksandrasuska.052b.work\/en\/wp-json\/wp\/v2\/pages"}],"about":[{"href":"https:\/\/aleksandrasuska.052b.work\/en\/wp-json\/wp\/v2\/types\/page"}],"author":[{"embeddable":true,"href":"https:\/\/aleksandrasuska.052b.work\/en\/wp-json\/wp\/v2\/users\/2"}],"replies":[{"embeddable":true,"href":"https:\/\/aleksandrasuska.052b.work\/en\/wp-json\/wp\/v2\/comments?post=1232"}],"version-history":[{"count":2,"href":"https:\/\/aleksandrasuska.052b.work\/en\/wp-json\/wp\/v2\/pages\/1232\/revisions"}],"predecessor-version":[{"id":1301,"href":"https:\/\/aleksandrasuska.052b.work\/en\/wp-json\/wp\/v2\/pages\/1232\/revisions\/1301"}],"wp:attachment":[{"href":"https:\/\/aleksandrasuska.052b.work\/en\/wp-json\/wp\/v2\/media?parent=1232"}],"curies":[{"name":"wp","href":"https:\/\/api.w.org\/{rel}","templated":true}]}}