{"id":1224,"date":"2018-06-12T13:10:16","date_gmt":"2018-06-12T11:10:16","guid":{"rendered":"http:\/\/dev.as.klienci.052b.com\/web\/polityka-prywatnosci\/"},"modified":"2019-02-04T13:25:28","modified_gmt":"2019-02-04T12:25:28","slug":"privacy-policy","status":"publish","type":"page","link":"https:\/\/aleksandrasuska.052b.work\/en\/privacy-policy\/","title":{"rendered":"Privacy policy"},"content":{"rendered":"<p><span><strong>[EN]Jakie informacje o u\u017cytkownikach gromadzi witryna internetowa\u00a0<a href=\"http:\/\/www.aleksandrasuska.pl\/\">www.aleksandrasuska.pl<\/a>\u00a0i w jaki spos\u00f3b mo\u017ce je wykorzystywa\u0107?<\/strong><br \/>\n<\/span><\/p>\n<p><span>Witryna internetowa\u00a0<a href=\"http:\/\/www.aleksandrasuska.pl\/\">www.aleksandrasuska.pl<\/a>\u00a0wykorzystuje i zbiera informacje o odwiedzaj\u0105cych j\u0105 osobach jedynie w takim zakresie, w jaki jest to niezb\u0119dne do \u015bwiadczenia us\u0142ug na najwy\u017cszym poziomie.<\/span><\/p>\n<p><span>W pojedynczych przypadkach pozwalamy sobie zbiera\u0107 informacje o u\u017cytkownikach, takie jak: adres poczty elektronicznej lub dane osobowo-adresowe (np. w przypadku bada\u0144 ankietowych, czy zapytania przesy\u0142ane przez dost\u0119pny na stronie formularz).<\/span><\/p>\n<p><span>\u017badne z powy\u017cszych informacji nie b\u0119d\u0105 przekazywane osobom trzecim w celach innych ni\u017c tych, w kt\u00f3rych dane te zosta\u0142y zgromadzone.<\/span><\/p>\n<p><span>Adresy IP naszych u\u017cytkownik\u00f3w s\u0105 wykorzystywane w takich przypadkach jak:<\/span><\/p>\n<p><span>\u2022\u00a0 \u00a0diagnoza problem\u00f3w zwi\u0105zanych z prac\u0105 naszego serwera\/<\/span><\/p>\n<p><span>\u2022\u00a0 analizy narusze\u0144 bezpiecze\u0144stwa, czy te\u017c w zwi\u0105zku z zarz\u0105dzaniem nasz\u0105 stron\u0105 WWW. Adres IP mo\u017ce by\u0107 r\u00f3wnie\u017c wykorzystywany do gromadzenia, czy te\u017c identyfikacji danych demograficznych os\u00f3b, kt\u00f3re odwiedzaj\u0105 nasz\u0105 stron\u0119 internetow\u0105.<\/span><\/p>\n<p><span>W szczeg\u00f3lnych przypadkach mo\u017cemy sporz\u0105dza\u0107 zbiorcze raporty lub og\u00f3lne zestawienia tematyczne, kt\u00f3re zostan\u0105 ujawnione osobom trzecim. Raporty te i zestawienia nie zawieraj\u0105 danych pozwalaj\u0105cych na identyfikacj\u0119 u\u017cytkownik\u00f3w witryny.<\/span><\/p>\n<p><span>\u00a0<\/span><\/p>\n<p><span><strong>Cookies<\/strong><\/span><\/p>\n<p><span>Witryna\u00a0<a href=\"http:\/\/www.aleksandrasuska.pl\/\">www.aleksandrasuska.pl<\/a>\u00a0l wykorzystuje pliki \u201eCookies\u201d. \u201eCookies&#8221; zawieraj\u0105 u\u017cyteczne informacje i s\u0105 przechowywane na komputerze u\u017cytkownika &#8211; nasz serwer mo\u017ce je odczyta\u0107 przy ponownym po\u0142\u0105czeniu z tym komputerem. Wy\u0142\u0105czenie funkcji &#8220;Cookies&#8221; w przegl\u0105darce nie pozbawia u\u017cytkownika dost\u0119pu do zasob\u00f3w naszej witryny WWW. Witryna\u00a0<a href=\"http:\/\/www.aleksandrasuska.pl\/\">www.aleksandrasuska.pl<\/a>\u00a0wykorzystuje \u201eCookies\u201d, aby dostarcza\u0107 zawarto\u015b\u0107 najbardziej odpowiadaj\u0105c\u0105 zainteresowaniom odwiedzaj\u0105cych j\u0105 os\u00f3b oraz w innych celach, takich jak np. ustalenia rankingu najcz\u0119\u015bciej ogl\u0105danych produkt\u00f3w.<\/span><\/p>\n<p><span>Brak dokonania zmiany ustawie\u0144 w zakresie \u201eCookies\u201d oznacza, \u017ce b\u0119d\u0105 one zamieszczone w urz\u0105dzeniu ko\u0144cowym U\u017cytkownika, a tym samym administrator strony b\u0119dzie przechowywa\u0107 informacje w urz\u0105dzeniu ko\u0144cowym U\u017cytkownika i uzyskiwa\u0107 do nich dost\u0119p.<\/span><\/p>\n<p><span>\u00a0<\/span><\/p>\n<p><span><strong>W jaki spos\u00f3b wykorzystujemy informacje pochodz\u0105ce z formularzy kontaktowych, bada\u0144 ankietowych oraz od uczestnik\u00f3w konkurs\u00f3w realizowanych na stronie\u00a0<a href=\"http:\/\/www.aleksandrasuska.pl\/\">www.aleksandrasuska.pl<\/a><\/strong><\/span><\/p>\n<p><span>Strona\u00a0<a href=\"http:\/\/www.aleksandrasuska.pl\/\">www.aleksandrasuska.pl<\/a>\u00a0korzysta z formularza kontaktowego, dzi\u0119ki kt\u00f3remu mo\u017cna sk\u0142ada\u0107 zapytania oraz pozyskiwa\u0107 niezb\u0119dne informacj\u0119.<\/span><\/p>\n<p><span>Formularz ten pozwala na zbieranie informacji kontaktowych od odwiedzaj\u0105cych nas os\u00f3b, takich jak imi\u0119 i nazwisko, numer telefonu, adres poczty elektronicznej. Informacje, kt\u00f3re pochodz\u0105 z formularza s\u0105 wykorzystywane do kontaktu z osob\u0105, kt\u00f3ra z\u0142o\u017cy\u0142a zapytanie. U\u017cytkownicy strony internetowej maj\u0105 r\u00f3wnie\u017c mo\u017cliwo\u015b\u0107 udzielenia zgody na otrzymywanie informacji handlowej przesy\u0142anej drog\u0105 elektroniczn\u0105.<\/span><\/p>\n<p><span>Informacje kontaktowe Klient\u00f3w s\u0105 wykorzystywane tak\u017ce do nawi\u0105zania z nimi kontaktu, kiedy jest to konieczne.<\/span><\/p>\n<p><span>\u00a0<\/span><\/p>\n<p><span><strong>Ochrona prywatno\u015bci os\u00f3b niepe\u0142noletnich.<\/strong><\/span><\/p>\n<p><span>Witryna internetowa\u00a0<a href=\"http:\/\/www.aleksandrasuska.pl\/\">www.aleksandrasuska.pl<\/a>\u00a0nie monitoruje i nie weryfikuje informacji na temat wieku u\u017cytkownik\u00f3w. Informacje kontaktowe od os\u00f3b odwiedzaj\u0105cych stron\u0119\u00a0<a href=\"http:\/\/www.aleksandrasuska.pl\/\">www.aleksandrasuska.pl<\/a>, takie jak adresy poczty elektronicznej u\u017cytkownik\u00f3w, s\u0105 wykorzystywane zgodnie z celem w zwi\u0105zku, z kt\u00f3rym zosta\u0142y one pozyskane. Osoby niepe\u0142noletnie nie powinny wysy\u0142a\u0107 \u017cadnych informacji ani subskrybowa\u0107 us\u0142ug \u015bwiadczonych przez nasz serwis bez wiedzy swoich rodzic\u00f3w lub opiekun\u00f3w.<\/span><\/p>\n<p class=\"text-justify\"><span>\u00a0<\/span><\/p>\n<p><span><strong>Profilowanie<\/strong><\/span><\/p>\n<p><span>Dane osobowe os\u00f3b fizycznych mog\u0105 podlega\u0107 profilowaniu (tworzeniu profil\u00f3w Klienta) w zakresie\u00a0<\/span><span>i w zwi\u0105zku ze statystyk\u0105 sprzeda\u017cow\u0105 i marketingow\u0105. Administrator nie podejmuje zautomatyzowanych decyzji mog\u0105cych wywo\u0142a\u0107 skutki prawne lub w inny spos\u00f3b mog\u0105cych istotnie wp\u0142ywa\u0107 na sytuacje os\u00f3b, kt\u00f3rych dane dotycz\u0105.<\/span><\/p>\n<p class=\"text-justify\"><span>\u00a0<\/span><\/p>\n<p><span><strong>Prawa os\u00f3b, kt\u00f3rych dane osobowe s\u0105 przetwarzane.<\/strong><\/span><\/p>\n<p><span>Informujemy, \u017ce w ka\u017cdym przypadku przys\u0142uguje Pa\u0144stwu prawo \u017c\u0105dania: dost\u0119pu do swoich danych osobowych, ich sprostowania, usuni\u0119cia, ograniczenia przetwarzania lub wniesienia sprzeciwu wobec ich przetwarzania. W sytuacji gdy przetwarzanie odbywa si\u0119 w spos\u00f3b zautomatyzowany, o ile jest to technicznie mo\u017cliwe, mog\u0105 Pa\u0144stwo r\u00f3wnie\u017c \u017c\u0105da\u0107 przeniesienia swoich danych osobowych do innego administratora. W ka\u017cdym czasie przys\u0142uguje Pa\u0144stwu prawo wniesienia skargi do Prezesa Urz\u0119du Ochrony Danych Osobowych.<\/span><\/p>\n<p class=\"text-justify\"><span>\u00a0<\/span><\/p>\n<p><span><strong>Zabezpieczenia<\/strong><\/span><\/p>\n<p><span>Witryna internetowa\u00a0<a href=\"http:\/\/www.aleksandrasuska.pl\/\">www.aleksandrasuska.pl<\/a>\u00a0zaopatrzona jest w \u015brodki bezpiecze\u0144stwa, maj\u0105ce na celu ochron\u0119 danych pozostaj\u0105cych pod nasz\u0105 kontrol\u0105 przed ich utrat\u0105, niew\u0142a\u015bciwym wykorzystaniem, czy te\u017c modyfikacj\u0105. Zobowi\u0105zujemy si\u0119 chroni\u0107 wszelkie informacje ujawnione nam przez u\u017cytkownik\u00f3w, zgodnie z zasadami ochrony bezpiecze\u0144stwa i zachowania poufno\u015bci. Prawa dost\u0119pu do danych osobowych u\u017cytkownik\u00f3w serwisu zosta\u0142y w restrykcyjny spos\u00f3b ograniczone tak, aby informacje te nie znalaz\u0142y si\u0119 w r\u0119kach os\u00f3b niepowo\u0142anych. Dost\u0119p do danych osobowo-adresowych ma tylko ograniczona liczba uprawnionych os\u00f3b na zasadach zgodnych z przepisami dotycz\u0105cymi ochrony danych osobowych os\u00f3b fizycznych.<\/span><\/p>\n<p><span>\u00a0<\/span><\/p>\n<p class=\"text-justify\"><span><strong>Kontakt<\/strong><\/span><\/p>\n<p><span>U\u017cytkownicy, kt\u00f3rzy maj\u0105 dodatkowe pytania dotycz\u0105ce niniejszej polityki prywatno\u015bci, praktyk stosowanych na tej stronie, czy te\u017c udost\u0119pnionych form kontaktu, proszone s\u0105 o kontakt z administratorem.<\/span><\/p>\n","protected":false},"excerpt":{"rendered":"<p>[EN]Jakie informacje o u\u017cytkownikach gromadzi witryna internetowa\u00a0www.aleksandrasuska.pl\u00a0i w jaki spos\u00f3b mo\u017ce je wykorzystywa\u0107? Witryna internetowa\u00a0www.aleksandrasuska.pl\u00a0wykorzystuje i zbiera informacje o odwiedzaj\u0105cych&#8230;<\/p>\n","protected":false},"author":1,"featured_media":0,"parent":0,"menu_order":0,"comment_status":"closed","ping_status":"open","template":"page-templates\/content_condensed.php","meta":{"_acf_changed":false,"footnotes":""},"class_list":["post-1224","page","type-page","status-publish","hentry"],"acf":[],"aioseo_notices":[],"_links":{"self":[{"href":"https:\/\/aleksandrasuska.052b.work\/en\/wp-json\/wp\/v2\/pages\/1224","targetHints":{"allow":["GET"]}}],"collection":[{"href":"https:\/\/aleksandrasuska.052b.work\/en\/wp-json\/wp\/v2\/pages"}],"about":[{"href":"https:\/\/aleksandrasuska.052b.work\/en\/wp-json\/wp\/v2\/types\/page"}],"author":[{"embeddable":true,"href":"https:\/\/aleksandrasuska.052b.work\/en\/wp-json\/wp\/v2\/users\/1"}],"replies":[{"embeddable":true,"href":"https:\/\/aleksandrasuska.052b.work\/en\/wp-json\/wp\/v2\/comments?post=1224"}],"version-history":[{"count":2,"href":"https:\/\/aleksandrasuska.052b.work\/en\/wp-json\/wp\/v2\/pages\/1224\/revisions"}],"predecessor-version":[{"id":1300,"href":"https:\/\/aleksandrasuska.052b.work\/en\/wp-json\/wp\/v2\/pages\/1224\/revisions\/1300"}],"wp:attachment":[{"href":"https:\/\/aleksandrasuska.052b.work\/en\/wp-json\/wp\/v2\/media?parent=1224"}],"curies":[{"name":"wp","href":"https:\/\/api.w.org\/{rel}","templated":true}]}}