{"id":1218,"date":"2019-01-31T08:55:30","date_gmt":"2019-01-31T07:55:30","guid":{"rendered":"http:\/\/dev.as.klienci.052b.com\/web\/koszt-i-czas-dostawy\/"},"modified":"2019-02-04T13:26:23","modified_gmt":"2019-02-04T12:26:23","slug":"shipping-fee-and-delivery-time","status":"publish","type":"page","link":"https:\/\/aleksandrasuska.052b.work\/en\/shipping-fee-and-delivery-time\/","title":{"rendered":"Shipping fee and delivery time"},"content":{"rendered":"<p class=\"text-justify\"><span>[EN]Informacje dotycz\u0105ce statusu zam\u00f3wienia s\u0105 wysy\u0142ane na adres mailowy, kt\u00f3ry zosta\u0142 podany przy sk\u0142adaniu zam\u00f3wienia w sklepie\u00a0<\/span><strong><span>\u201eAS\u201d Aleksandra Suska.<\/span><\/strong><\/p>\n<p class=\"text-justify\"><span>Czas realizacji dostawy jest liczony od daty zaksi\u0119gowania p\u0142atno\u015bci za zakupione produkty na rachunku bankowym Sklepu.<\/span><\/p>\n<p class=\"text-justify\"><span>\u015aredni czas dostawy wynosi 2 \u2013 3 dni robocze od momentu zarejestrowania wp\u0142aty na rachunku bankowym Sklepu. Czas dostawy w przypadku zam\u00f3wie\u0144 indywidualnych wynosi od 3 do 21 dni (wi\u0119cej informacji w zak\u0142adce ZAM\u00d3WIENIA INDYWIDUALNE).<\/span><\/p>\n<p class=\"text-justify\"><span>Koszty przesy\u0142ki zakupionych towar\u00f3w ponosi Klient. Koszt dostawy naliczany jest po dodaniu produkt\u00f3w do koszyka i jest uzale\u017cniony od wagi przesy\u0142ki. Koszt przesy\u0142ki do 30 kg wynosi 17 z\u0142 brutto.<br \/>\n<\/span><\/p>\n<p class=\"text-justify\"><span>Produkty s\u0105 dostarczane pod wskazany adres przez firm\u0119 kuriersk\u0105 DPD. Przesy\u0142ki s\u0105 nadawane w dni powszednie: od poniedzia\u0142ku do pi\u0105tku.<\/span><\/p>\n<p class=\"text-justify\"><span>Do ka\u017cdego przesy\u0142anego towaru za\u0142\u0105czany jest dow\u00f3d zakupu.<\/span><\/p>\n<p class=\"text-justify\">\n","protected":false},"excerpt":{"rendered":"<p>[EN]Informacje dotycz\u0105ce statusu zam\u00f3wienia s\u0105 wysy\u0142ane na adres mailowy, kt\u00f3ry zosta\u0142 podany przy sk\u0142adaniu zam\u00f3wienia w sklepie\u00a0\u201eAS\u201d Aleksandra Suska. Czas&#8230;<\/p>\n","protected":false},"author":2,"featured_media":0,"parent":0,"menu_order":0,"comment_status":"closed","ping_status":"closed","template":"page-templates\/content_condensed.php","meta":{"_acf_changed":false,"footnotes":""},"class_list":["post-1218","page","type-page","status-publish","hentry"],"acf":[],"aioseo_notices":[],"_links":{"self":[{"href":"https:\/\/aleksandrasuska.052b.work\/en\/wp-json\/wp\/v2\/pages\/1218","targetHints":{"allow":["GET"]}}],"collection":[{"href":"https:\/\/aleksandrasuska.052b.work\/en\/wp-json\/wp\/v2\/pages"}],"about":[{"href":"https:\/\/aleksandrasuska.052b.work\/en\/wp-json\/wp\/v2\/types\/page"}],"author":[{"embeddable":true,"href":"https:\/\/aleksandrasuska.052b.work\/en\/wp-json\/wp\/v2\/users\/2"}],"replies":[{"embeddable":true,"href":"https:\/\/aleksandrasuska.052b.work\/en\/wp-json\/wp\/v2\/comments?post=1218"}],"version-history":[{"count":2,"href":"https:\/\/aleksandrasuska.052b.work\/en\/wp-json\/wp\/v2\/pages\/1218\/revisions"}],"predecessor-version":[{"id":1298,"href":"https:\/\/aleksandrasuska.052b.work\/en\/wp-json\/wp\/v2\/pages\/1218\/revisions\/1298"}],"wp:attachment":[{"href":"https:\/\/aleksandrasuska.052b.work\/en\/wp-json\/wp\/v2\/media?parent=1218"}],"curies":[{"name":"wp","href":"https:\/\/api.w.org\/{rel}","templated":true}]}}