{"id":1214,"date":"2019-01-31T08:52:50","date_gmt":"2019-01-31T07:52:50","guid":{"rendered":"http:\/\/dev.as.klienci.052b.com\/web\/formy-platnosci\/"},"modified":"2019-02-04T13:25:10","modified_gmt":"2019-02-04T12:25:10","slug":"payment-methods","status":"publish","type":"page","link":"https:\/\/aleksandrasuska.052b.work\/en\/payment-methods\/","title":{"rendered":"Payment methods"},"content":{"rendered":"<p class=\"text-justify\"><span>[EN]Ceny produkt\u00f3w na stronach sklepu\u00a0\u201eAS\u201d Aleksandra Suska s\u0105 podawane w z\u0142otych polskich. Ceny te zawieraj\u0105 podatek VAT.\u00a0<\/span><span>Sklep internetowy\u00a0<\/span><span>oferuje nast\u0119puj\u0105ce formy p\u0142atno\u015bci:<\/span><\/p>\n<p class=\"text-justify\"><span><strong>Przelew tradycyjny \u2013\u00a0<\/strong>klient p\u0142aci za zakupiony towar za pomoc\u0105 przelewu bankowego. Po wyborze towaru do koszyka i klikni\u0119ciu przycisku \u201eZamawiam\u201d nale\u017cy wybra\u0107 form\u0119 p\u0142atno\u015bci \u201ePrzelew bankowy\u201d. W mailu potwierdzaj\u0105cym przes\u0142ane zostan\u0105 dane potrzebne do dokonania przelewu.<\/span><\/p>\n<p class=\"text-justify\"><strong><span>P\u0142atno\u015b\u0107 online \u2013\u00a0<\/span><\/strong><span>transakcje s\u0105 realizowane za pomoc\u0105 systemu przelewy24.pl. Po wyborze towaru do koszyka i klikni\u0119ciu przycisku \u201ePrzejd\u017a do kasy\u201d nale\u017cy wybra\u0107 form\u0119 p\u0142atno\u015bci \u201ePrzelew online\u201d. Nast\u0105pi automatyczne przekierowanie do systemu przelewy24.pl.<\/span><\/p>\n","protected":false},"excerpt":{"rendered":"<p>[EN]Ceny produkt\u00f3w na stronach sklepu\u00a0\u201eAS\u201d Aleksandra Suska s\u0105 podawane w z\u0142otych polskich. Ceny te zawieraj\u0105 podatek VAT.\u00a0Sklep internetowy\u00a0oferuje nast\u0119puj\u0105ce formy&#8230;<\/p>\n","protected":false},"author":2,"featured_media":0,"parent":0,"menu_order":0,"comment_status":"closed","ping_status":"closed","template":"page-templates\/content_condensed.php","meta":{"_acf_changed":false,"footnotes":""},"class_list":["post-1214","page","type-page","status-publish","hentry"],"acf":[],"aioseo_notices":[],"_links":{"self":[{"href":"https:\/\/aleksandrasuska.052b.work\/en\/wp-json\/wp\/v2\/pages\/1214","targetHints":{"allow":["GET"]}}],"collection":[{"href":"https:\/\/aleksandrasuska.052b.work\/en\/wp-json\/wp\/v2\/pages"}],"about":[{"href":"https:\/\/aleksandrasuska.052b.work\/en\/wp-json\/wp\/v2\/types\/page"}],"author":[{"embeddable":true,"href":"https:\/\/aleksandrasuska.052b.work\/en\/wp-json\/wp\/v2\/users\/2"}],"replies":[{"embeddable":true,"href":"https:\/\/aleksandrasuska.052b.work\/en\/wp-json\/wp\/v2\/comments?post=1214"}],"version-history":[{"count":2,"href":"https:\/\/aleksandrasuska.052b.work\/en\/wp-json\/wp\/v2\/pages\/1214\/revisions"}],"predecessor-version":[{"id":1297,"href":"https:\/\/aleksandrasuska.052b.work\/en\/wp-json\/wp\/v2\/pages\/1214\/revisions\/1297"}],"wp:attachment":[{"href":"https:\/\/aleksandrasuska.052b.work\/en\/wp-json\/wp\/v2\/media?parent=1214"}],"curies":[{"name":"wp","href":"https:\/\/api.w.org\/{rel}","templated":true}]}}